{"id":90,"date":"2024-05-21T15:07:52","date_gmt":"2024-05-21T15:07:52","guid":{"rendered":"https:\/\/ryder-deutschland.de\/?page_id=90"},"modified":"2025-02-26T14:46:28","modified_gmt":"2025-02-26T14:46:28","slug":"erst-statusinformation","status":"publish","type":"page","link":"https:\/\/ryder-deutschland.de\/?page_id=90","title":{"rendered":"Erst-Statusinformation"},"content":{"rendered":"\n<h2 class=\"wp-block-heading\">gem\u00e4\u00df \u00a7 15 der Verordnung \u00fcber die Versicherungsvermittlung und -beratung<\/h2>\n\n\n\n<p><strong>von<\/strong><\/p>\n\n\n\n<p>RYDER Versicherungsmakler GmbH<br>Schwanthalerstr. 102, 80336 M\u00fcnchen<br>Telefon:\u00a0089 \/ 89 80 61 23<br>Internet: <a href=\"https:\/\/ryder-deutschland.de\">https:\/\/ryder-deutschland.de<\/a><br>E-Mail:\u00a0<a href=\"mailto:info@ryder-deutschland.de\">info@ryder-deutschland.de<\/a><\/p>\n\n\n\n<p><strong>Gesch\u00e4ftsf\u00fchrer:<\/strong>&nbsp;Herr Stefan Ballnath, Herr Thomas Ballnath<\/p>\n\n\n\n<p><strong>Handelsregisternummer:<\/strong>&nbsp;HRB 288043, Amtsgericht M\u00fcnchen<\/p>\n\n\n\n<h2 class=\"wp-block-heading\">\u00a734d GewO<\/h2>\n\n\n\n<p><strong>Berufsbezeichnung:<\/strong><br>Versicherungsmakler mit Erlaubnis nach \u00a7 34d Abs. 1 Gewerbeordnung, Bundesrepublik Deutschland<\/p>\n\n\n\n<p><strong>Registernummer:&nbsp;<\/strong>D-OJJQ-8RDMN-96<br><br><strong>Aufsichtsbeh\u00f6rde und zust\u00e4ndige Beh\u00f6rde f\u00fcr die Erlaubnis:<\/strong><br>Industrie- und Handelskammer f\u00fcr M\u00fcnchen und Oberbayern<br>Max-Joseph-Str. 2<br>80333 M\u00fcnchen<br>Deutschland<br><a href=\"https:\/\/www.ihk-muenchen.de\/\" target=\"_blank\" rel=\"noreferrer noopener\">https:\/\/www.ihk-muenchen.de\/<\/a><\/p>\n\n\n\n<p><strong>Die Eintragung kann wie folgt \u00fcberpr\u00fcft werden:<\/strong><br>DIHK | Deutsche Industrie- und Handelskammer<br>Breite Stra\u00dfe 29, 10178 Berlin<br>Telefon&nbsp;<a href=\"tel:+491806005850\">0180-600-585-0<\/a>&nbsp;*<br><a href=\"http:\/\/www.vermittlerregister.info\/\" target=\"_blank\" rel=\"noreferrer noopener\">www.vermittlerregister.info<\/a><br><small>* 0,20 \u20ac\/Anruf<\/small><\/p>\n\n\n\n<p><strong>Schlichtungsstellen<\/strong><br>Gem\u00e4\u00df \u00a7 36 VSBG und \u00a7 17 Abs. 4 VersVermV teilen wir mit, dass wir verpflichtet und bereit sind an einem Streitbeilegungsverfahren teilzunehmen. Folgende Schlichtungsstellen k\u00f6nnen angerufen werden:<\/p>\n\n\n\n<p>Versicherungsombudsmann e.V.<br>Postfach 08 06 32, 10006 Berlin<br><a href=\"http:\/\/www.versicherungsombudsmann.de\/\" target=\"_blank\" rel=\"noreferrer noopener\">www.versicherungsombudsmann.de<\/a><\/p>\n\n\n\n<p>Ombudsmann Private Kranken- und Pflegeversicherung<br>Postfach 06 02 22, 10052 Berlin<br><a href=\"http:\/\/www.pkv-ombudsmann.de\/\" target=\"_blank\" rel=\"noreferrer noopener\">www.pkv-ombudsmann.de<\/a><\/p>\n\n\n\n<p>Europ\u00e4ische Kommission<br>Online-Streitbeilegungsplattform (OS-Plattform)<br><a href=\"http:\/\/ec.europa.eu\/consumers\/odr\" target=\"_blank\" rel=\"noreferrer noopener\">http:\/\/ec.europa.eu\/consumers\/odr<\/a><\/p>\n\n\n\n<p><strong>Berufsrechtliche Regelungen sind insbesondere:<\/strong><\/p>\n\n\n\n<ul class=\"wp-block-list\">\n<li>\u00a7 34 d Gewerbeordnung<\/li>\n\n\n\n<li>\u00a7\u00a7 59 &#8211; 68 VVG<\/li>\n\n\n\n<li>VersVermV<\/li>\n<\/ul>\n\n\n\n<p>Die berufsrechtlichen Regelungen k\u00f6nnen \u00fcber die vom Bundesministerium der Justiz und von der juris GmbH betriebenen Homepage&nbsp;<a href=\"http:\/\/www.gesetze-im-internet.de\/\" target=\"_blank\" rel=\"noreferrer noopener\">www.gesetze-im-internet.de<\/a>&nbsp;eingesehen und abgerufen werden.<\/p>\n\n\n\n<p><strong>Berufsrechtliche Regelungen:<\/strong><br>Unsere T\u00e4tigkeit beinhaltet auch Beratung.<\/p>\n\n\n\n<p><strong>Art und Quelle der Verg\u00fctung<\/strong><br>Die Verg\u00fctung unserer T\u00e4tigkeit erfolgt als:<\/p>\n\n\n\n<ul class=\"wp-block-list\">\n<li>in der Versicherungspr\u00e4mie enthaltene Courtage, die vom jeweiligen Versicherungsunternehmen ausgezahlt wird oder als<\/li>\n\n\n\n<li>konkret vereinbarte Zahlung durch den Kunden oder als<\/li>\n\n\n\n<li>Kombination aus beidem.<\/li>\n<\/ul>\n\n\n\n<p>Dies ist abh\u00e4ngig von den W\u00fcnschen und Bed\u00fcrfnissen des Kunden und den Versicherungsprodukten, welche eventuell vermittelt werden.<\/p>\n\n\n\n<h2 class=\"wp-block-heading\">Beschwerdemanagement<\/h2>\n\n\n\n<p>Beschwerden sind in Textform an die Gesch\u00e4ftsleitung zu richten und werden im Rahmen unseres Beschwerdemanagements unverz\u00fcglich bearbeitet.<\/p>\n","protected":false},"excerpt":{"rendered":"<p>gem\u00e4\u00df \u00a7 15 der Verordnung \u00fcber die Versicherungsvermittlung und -beratung von RYDER Versicherungsmakler GmbHSchwanthalerstr. 102, 80336 M\u00fcnchenTelefon:\u00a0089 \/ 89 80 61 23Internet: https:\/\/ryder-deutschland.deE-Mail:\u00a0info@ryder-deutschland.de Gesch\u00e4ftsf\u00fchrer:&nbsp;Herr Stefan Ballnath, Herr Thomas Ballnath Handelsregisternummer:&nbsp;HRB 288043, Amtsgericht M\u00fcnchen \u00a734d GewO Berufsbezeichnung:Versicherungsmakler mit Erlaubnis nach \u00a7 34d Abs. 1 Gewerbeordnung, Bundesrepublik Deutschland Registernummer:&nbsp;D-OJJQ-8RDMN-96 Aufsichtsbeh\u00f6rde und zust\u00e4ndige Beh\u00f6rde f\u00fcr die Erlaubnis:Industrie- und [&hellip;]<\/p>\n","protected":false},"author":1,"featured_media":0,"parent":0,"menu_order":0,"comment_status":"closed","ping_status":"closed","template":"","meta":{"footnotes":""},"class_list":["post-90","page","type-page","status-publish","hentry"],"yoast_head":"<!-- This site is optimized with the Yoast SEO plugin v22.7 - https:\/\/yoast.com\/wordpress\/plugins\/seo\/ -->\n<title>Erst-Statusinformation - RYDER Versicherungsmakler GmbH<\/title>\n<meta name=\"robots\" content=\"index, follow, max-snippet:-1, max-image-preview:large, max-video-preview:-1\" \/>\n<link rel=\"canonical\" href=\"https:\/\/ryder-deutschland.de\/?page_id=90\" \/>\n<meta property=\"og:locale\" content=\"de_DE\" \/>\n<meta property=\"og:type\" content=\"article\" \/>\n<meta property=\"og:title\" content=\"Erst-Statusinformation - RYDER Versicherungsmakler GmbH\" \/>\n<meta property=\"og:description\" content=\"gem\u00e4\u00df \u00a7 15 der Verordnung \u00fcber die Versicherungsvermittlung und -beratung von RYDER Versicherungsmakler GmbHSchwanthalerstr. 102, 80336 M\u00fcnchenTelefon:\u00a0089 \/ 89 80 61 23Internet: https:\/\/ryder-deutschland.deE-Mail:\u00a0info@ryder-deutschland.de Gesch\u00e4ftsf\u00fchrer:&nbsp;Herr Stefan Ballnath, Herr Thomas Ballnath Handelsregisternummer:&nbsp;HRB 288043, Amtsgericht M\u00fcnchen \u00a734d GewO Berufsbezeichnung:Versicherungsmakler mit Erlaubnis nach \u00a7 34d Abs. 1 Gewerbeordnung, Bundesrepublik Deutschland Registernummer:&nbsp;D-OJJQ-8RDMN-96 Aufsichtsbeh\u00f6rde und zust\u00e4ndige Beh\u00f6rde f\u00fcr die Erlaubnis:Industrie- und [&hellip;]\" \/>\n<meta property=\"og:url\" content=\"https:\/\/ryder-deutschland.de\/?page_id=90\" \/>\n<meta property=\"og:site_name\" content=\"RYDER Versicherungsmakler GmbH\" \/>\n<meta property=\"article:modified_time\" content=\"2025-02-26T14:46:28+00:00\" \/>\n<meta name=\"twitter:card\" content=\"summary_large_image\" \/>\n<meta name=\"twitter:label1\" content=\"Gesch\u00e4tzte Lesezeit\" \/>\n\t<meta name=\"twitter:data1\" content=\"2\u00a0Minuten\" \/>\n<script type=\"application\/ld+json\" class=\"yoast-schema-graph\">{\"@context\":\"https:\/\/schema.org\",\"@graph\":[{\"@type\":\"WebPage\",\"@id\":\"https:\/\/ryder-deutschland.de\/?page_id=90\",\"url\":\"https:\/\/ryder-deutschland.de\/?page_id=90\",\"name\":\"Erst-Statusinformation - RYDER Versicherungsmakler GmbH\",\"isPartOf\":{\"@id\":\"https:\/\/ryder-deutschland.de\/#website\"},\"datePublished\":\"2024-05-21T15:07:52+00:00\",\"dateModified\":\"2025-02-26T14:46:28+00:00\",\"breadcrumb\":{\"@id\":\"https:\/\/ryder-deutschland.de\/?page_id=90#breadcrumb\"},\"inLanguage\":\"de\",\"potentialAction\":[{\"@type\":\"ReadAction\",\"target\":[\"https:\/\/ryder-deutschland.de\/?page_id=90\"]}]},{\"@type\":\"BreadcrumbList\",\"@id\":\"https:\/\/ryder-deutschland.de\/?page_id=90#breadcrumb\",\"itemListElement\":[{\"@type\":\"ListItem\",\"position\":1,\"name\":\"Startseite\",\"item\":\"https:\/\/ryder-deutschland.de\/\"},{\"@type\":\"ListItem\",\"position\":2,\"name\":\"Erst-Statusinformation\"}]},{\"@type\":\"WebSite\",\"@id\":\"https:\/\/ryder-deutschland.de\/#website\",\"url\":\"https:\/\/ryder-deutschland.de\/\",\"name\":\"RYDER Versicherungsmakler GmbH\",\"description\":\"\",\"potentialAction\":[{\"@type\":\"SearchAction\",\"target\":{\"@type\":\"EntryPoint\",\"urlTemplate\":\"https:\/\/ryder-deutschland.de\/?s={search_term_string}\"},\"query-input\":\"required name=search_term_string\"}],\"inLanguage\":\"de\"}]}<\/script>\n<!-- \/ Yoast SEO plugin. -->","yoast_head_json":{"title":"Erst-Statusinformation - RYDER Versicherungsmakler GmbH","robots":{"index":"index","follow":"follow","max-snippet":"max-snippet:-1","max-image-preview":"max-image-preview:large","max-video-preview":"max-video-preview:-1"},"canonical":"https:\/\/ryder-deutschland.de\/?page_id=90","og_locale":"de_DE","og_type":"article","og_title":"Erst-Statusinformation - RYDER Versicherungsmakler GmbH","og_description":"gem\u00e4\u00df \u00a7 15 der Verordnung \u00fcber die Versicherungsvermittlung und -beratung von RYDER Versicherungsmakler GmbHSchwanthalerstr. 102, 80336 M\u00fcnchenTelefon:\u00a0089 \/ 89 80 61 23Internet: https:\/\/ryder-deutschland.deE-Mail:\u00a0info@ryder-deutschland.de Gesch\u00e4ftsf\u00fchrer:&nbsp;Herr Stefan Ballnath, Herr Thomas Ballnath Handelsregisternummer:&nbsp;HRB 288043, Amtsgericht M\u00fcnchen \u00a734d GewO Berufsbezeichnung:Versicherungsmakler mit Erlaubnis nach \u00a7 34d Abs. 1 Gewerbeordnung, Bundesrepublik Deutschland Registernummer:&nbsp;D-OJJQ-8RDMN-96 Aufsichtsbeh\u00f6rde und zust\u00e4ndige Beh\u00f6rde f\u00fcr die Erlaubnis:Industrie- und [&hellip;]","og_url":"https:\/\/ryder-deutschland.de\/?page_id=90","og_site_name":"RYDER Versicherungsmakler GmbH","article_modified_time":"2025-02-26T14:46:28+00:00","twitter_card":"summary_large_image","twitter_misc":{"Gesch\u00e4tzte Lesezeit":"2\u00a0Minuten"},"schema":{"@context":"https:\/\/schema.org","@graph":[{"@type":"WebPage","@id":"https:\/\/ryder-deutschland.de\/?page_id=90","url":"https:\/\/ryder-deutschland.de\/?page_id=90","name":"Erst-Statusinformation - RYDER Versicherungsmakler GmbH","isPartOf":{"@id":"https:\/\/ryder-deutschland.de\/#website"},"datePublished":"2024-05-21T15:07:52+00:00","dateModified":"2025-02-26T14:46:28+00:00","breadcrumb":{"@id":"https:\/\/ryder-deutschland.de\/?page_id=90#breadcrumb"},"inLanguage":"de","potentialAction":[{"@type":"ReadAction","target":["https:\/\/ryder-deutschland.de\/?page_id=90"]}]},{"@type":"BreadcrumbList","@id":"https:\/\/ryder-deutschland.de\/?page_id=90#breadcrumb","itemListElement":[{"@type":"ListItem","position":1,"name":"Startseite","item":"https:\/\/ryder-deutschland.de\/"},{"@type":"ListItem","position":2,"name":"Erst-Statusinformation"}]},{"@type":"WebSite","@id":"https:\/\/ryder-deutschland.de\/#website","url":"https:\/\/ryder-deutschland.de\/","name":"RYDER Versicherungsmakler GmbH","description":"","potentialAction":[{"@type":"SearchAction","target":{"@type":"EntryPoint","urlTemplate":"https:\/\/ryder-deutschland.de\/?s={search_term_string}"},"query-input":"required name=search_term_string"}],"inLanguage":"de"}]}},"_links":{"self":[{"href":"https:\/\/ryder-deutschland.de\/index.php?rest_route=\/wp\/v2\/pages\/90","targetHints":{"allow":["GET"]}}],"collection":[{"href":"https:\/\/ryder-deutschland.de\/index.php?rest_route=\/wp\/v2\/pages"}],"about":[{"href":"https:\/\/ryder-deutschland.de\/index.php?rest_route=\/wp\/v2\/types\/page"}],"author":[{"embeddable":true,"href":"https:\/\/ryder-deutschland.de\/index.php?rest_route=\/wp\/v2\/users\/1"}],"replies":[{"embeddable":true,"href":"https:\/\/ryder-deutschland.de\/index.php?rest_route=%2Fwp%2Fv2%2Fcomments&post=90"}],"version-history":[{"count":3,"href":"https:\/\/ryder-deutschland.de\/index.php?rest_route=\/wp\/v2\/pages\/90\/revisions"}],"predecessor-version":[{"id":97,"href":"https:\/\/ryder-deutschland.de\/index.php?rest_route=\/wp\/v2\/pages\/90\/revisions\/97"}],"wp:attachment":[{"href":"https:\/\/ryder-deutschland.de\/index.php?rest_route=%2Fwp%2Fv2%2Fmedia&parent=90"}],"curies":[{"name":"wp","href":"https:\/\/api.w.org\/{rel}","templated":true}]}}